{"id":753,"date":"2019-02-18T15:24:24","date_gmt":"2019-02-18T14:24:24","guid":{"rendered":"http:\/\/www.camping-marmottes.fr\/?page_id=753"},"modified":"2021-03-25T10:33:33","modified_gmt":"2021-03-25T09:33:33","slug":"mentions-legales","status":"publish","type":"page","link":"https:\/\/www.camping-marmottes.fr\/en\/mentions-legales\/","title":{"rendered":"Mentions l\u00e9gales"},"content":{"rendered":"<h2>Propri\u00e9taire du site et \u00e9diteur<\/h2>\n<p>Ce site internet est la propri\u00e9t\u00e9 du Camping le Domaine des Marmottes :<\/p>\n<p><strong>Camping le Domaine des Marmottes<\/strong><br \/>\nLieu dit Malboisset<br \/>\nLarche village<br \/>\n04530 Val D\u2019oronaye<\/p>\n<p>09 88 18 46 40<\/p>\n<h2>Cr\u00e9ation graphique et d\u00e9veloppement web<\/h2>\n<p><a href=\"https:\/\/letsgo-web.com\/\">https:\/\/letsgo-web.com\/<\/a><\/p>\n<h2>Maintenance applicative<\/h2>\n<p>Afin d\u2019assurer une bonne continuit\u00e9 de service, l&#8217;\u00e9quipe WebSenso op\u00e8re la\u00a0<a title=\"Agence WebSenso - d\u00e9veloppement d'application Drupal\" href=\"https:\/\/www.websenso.com\/prestations\/maintenance\" target=\"_blank\" rel=\"noopener noreferrer\">maintenance applicative et corrective<\/a>\u00a0du CMS WordPress.<\/p>\n<h2>H\u00e9bergement<\/h2>\n<p>Ce service est h\u00e9berg\u00e9 physiquement en France dans un centre de donn\u00e9e de la soci\u00e9t\u00e9 : OVH.com en France.<\/p>\n<h2>Propri\u00e9t\u00e9 intellectuelle<\/h2>\n<p>Le Camping le Domaine des Marmottes est propri\u00e9taire des droits de propri\u00e9t\u00e9 intellectuelle ou d\u00e9tient les droits d\u2019usage sur tous les \u00e9l\u00e9ments accessibles sur le site, notamment les textes, images, graphismes, logo, etc. Alors avant de copier, adapter, citer ce contenu&#8230; veuillez obtenir une autorisation \u00e9crite pr\u00e9alable.<\/p>\n<h2>Liens hypertextes<\/h2>\n<p>Lors de votre navigation, vous d\u00e9couvrirez plusieurs liens hypertextes vers d&#8217;autres sites web. Le Camping le Domaine des Marmottes n\u2019a pas la possibilit\u00e9 de v\u00e9rifier le contenu de ces sites et n\u2019assumera en cons\u00e9quence aucune responsabilit\u00e9 de ce fait.<\/p>\n<h2>Cookies<\/h2>\n<p>La navigation sur ce site provoque l\u2019installation de p&#8217;tits fichiers, nomm\u00e9s\u00a0<a href=\"https:\/\/fr.wikipedia.org\/wiki\/Cookie_(informatique)\" target=\"_blank\" rel=\"nofollow noopener external noreferrer\">cookies<\/a>, sur le navigateur de l\u2019utilisateur. Ils sont gentils et ne prennent pas de place ;-). Par contre, le refus d\u2019installation d\u2019un cookie peut bloquer techniquement l\u2019acc\u00e8s \u00e0 certains services et r\u00e9duire notre capacit\u00e9 \u00e0 am\u00e9liorer l&#8217;exp\u00e9rience de navigation via des mesures d&#8217;audience.<\/p>\n<h2>Gestion des donn\u00e9es personnelles<\/h2>\n<p>En surfant sur ce site, des informations peuvent \u00eatres recueillies : provenances, fournisseur d&#8217;acc\u00e8s, adresse IP, etc. Une collecte des informations personnelles pour le besoin de certains services propos\u00e9s par ce site peut \u00eatre effectu\u00e9e. Le droit d\u2019acc\u00e8s, de rectification et d\u2019opposition aux donn\u00e9es personnelles concernant les visiteurs, s&#8217;effectuent par demande \u00e9crite \u00e0 l&#8217;adresse ci-dessus.<\/p>\n<h2>Droit applicable et attribution de juridiction<\/h2>\n<p>Tout litige en relation avec l\u2019utilisation de ce site est soumis au droit fran\u00e7ais et dans la langue de Moli\u00e8re. Cocorico !<\/p>\n","protected":false},"excerpt":{"rendered":"<p>Propri\u00e9taire du site et \u00e9diteur Ce site internet est la propri\u00e9t\u00e9 du Camping le Domaine des Marmottes : Camping le Domaine des Marmottes Lieu dit Malboisset Larche village 04530 Val D\u2019oronaye 09 88 18 46 40 Cr\u00e9ation graphique et d\u00e9veloppement web https:\/\/letsgo-web.com\/ Maintenance applicative Afin d\u2019assurer une bonne continuit\u00e9 de service, l&#8217;\u00e9quipe WebSenso op\u00e8re la\u00a0maintenance &hellip; <\/p>\n<p class=\"link-more\"><a href=\"https:\/\/www.camping-marmottes.fr\/en\/mentions-legales\/\" class=\"more-link\">Continue reading<span class=\"screen-reader-text\"> &#8220;Mentions l\u00e9gales&#8221;<\/span><\/a><\/p>\n","protected":false},"author":1,"featured_media":0,"parent":0,"menu_order":0,"comment_status":"closed","ping_status":"closed","template":"","meta":{"footnotes":""},"class_list":["post-753","page","type-page","status-publish","hentry"],"translation":{"provider":"WPGlobus","version":"2.12.2","language":"en","enabled_languages":["fr","en"],"languages":{"fr":{"title":true,"content":true,"excerpt":false},"en":{"title":false,"content":false,"excerpt":false}}},"yoast_head":"<!-- This site is optimized with the Yoast SEO plugin v27.0 - https:\/\/yoast.com\/product\/yoast-seo-wordpress\/ -->\n<title>Mentions l\u00e9gales - Camping des Marmottes<\/title>\n<meta name=\"robots\" content=\"index, follow, max-snippet:-1, max-image-preview:large, max-video-preview:-1\" \/>\n<link rel=\"canonical\" href=\"https:\/\/www.camping-marmottes.fr\/mentions-legales\/\" \/>\n<meta property=\"og:locale\" content=\"en_US\" \/>\n<meta property=\"og:type\" content=\"article\" \/>\n<meta property=\"og:title\" content=\"Mentions l\u00e9gales - Camping des Marmottes\" \/>\n<meta property=\"og:url\" content=\"https:\/\/www.camping-marmottes.fr\/mentions-legales\/\" \/>\n<meta property=\"og:site_name\" content=\"Camping des Marmottes\" \/>\n<meta property=\"article:modified_time\" content=\"2021-03-25T09:33:33+00:00\" \/>\n<meta name=\"twitter:card\" content=\"summary_large_image\" \/>\n<meta name=\"twitter:label1\" content=\"Est. reading time\" \/>\n\t<meta name=\"twitter:data1\" content=\"2 minutes\" \/>\n<script type=\"application\/ld+json\" class=\"yoast-schema-graph\">{\"@context\":\"https:\/\/schema.org\",\"@graph\":[{\"@type\":\"WebPage\",\"@id\":\"https:\/\/www.camping-marmottes.fr\/mentions-legales\/\",\"url\":\"https:\/\/www.camping-marmottes.fr\/mentions-legales\/\",\"name\":\"Mentions l\u00e9gales - Camping des Marmottes\",\"isPartOf\":{\"@id\":\"https:\/\/www.camping-marmottes.fr\/#website\"},\"datePublished\":\"2019-02-18T14:24:24+00:00\",\"dateModified\":\"2021-03-25T09:33:33+00:00\",\"breadcrumb\":{\"@id\":\"https:\/\/www.camping-marmottes.fr\/mentions-legales\/#breadcrumb\"},\"inLanguage\":\"en-US\",\"potentialAction\":[{\"@type\":\"ReadAction\",\"target\":[\"https:\/\/www.camping-marmottes.fr\/mentions-legales\/\"]}]},{\"@type\":\"BreadcrumbList\",\"@id\":\"https:\/\/www.camping-marmottes.fr\/mentions-legales\/#breadcrumb\",\"itemListElement\":[{\"@type\":\"ListItem\",\"position\":1,\"name\":\"Accueil\",\"item\":\"https:\/\/www.camping-marmottes.fr\/\"},{\"@type\":\"ListItem\",\"position\":2,\"name\":\"Mentions l\u00e9gales\"}]},{\"@type\":\"WebSite\",\"@id\":\"https:\/\/www.camping-marmottes.fr\/#website\",\"url\":\"https:\/\/www.camping-marmottes.fr\/\",\"name\":\"Camping des Marmottes\",\"description\":\"et grand dans nos coeurs pour la montagne.\",\"publisher\":{\"@id\":\"https:\/\/www.camping-marmottes.fr\/#organization\"},\"potentialAction\":[{\"@type\":\"SearchAction\",\"target\":{\"@type\":\"EntryPoint\",\"urlTemplate\":\"https:\/\/www.camping-marmottes.fr\/?s={search_term_string}\"},\"query-input\":{\"@type\":\"PropertyValueSpecification\",\"valueRequired\":true,\"valueName\":\"search_term_string\"}}],\"inLanguage\":\"en-US\"},{\"@type\":\"Organization\",\"@id\":\"https:\/\/www.camping-marmottes.fr\/#organization\",\"name\":\"Camping des Marmottes\",\"url\":\"https:\/\/www.camping-marmottes.fr\/\",\"logo\":{\"@type\":\"ImageObject\",\"inLanguage\":\"en-US\",\"@id\":\"https:\/\/www.camping-marmottes.fr\/#\/schema\/logo\/image\/\",\"url\":\"https:\/\/www.camping-marmottes.fr\/wp-content\/uploads\/2024\/05\/cropped-logo-camping-marmottes-tel-06.png\",\"contentUrl\":\"https:\/\/www.camping-marmottes.fr\/wp-content\/uploads\/2024\/05\/cropped-logo-camping-marmottes-tel-06.png\",\"width\":1168,\"height\":250,\"caption\":\"Camping des Marmottes\"},\"image\":{\"@id\":\"https:\/\/www.camping-marmottes.fr\/#\/schema\/logo\/image\/\"}}]}<\/script>\n<!-- \/ Yoast SEO plugin. -->","yoast_head_json":{"title":"Mentions l\u00e9gales - Camping des Marmottes","robots":{"index":"index","follow":"follow","max-snippet":"max-snippet:-1","max-image-preview":"max-image-preview:large","max-video-preview":"max-video-preview:-1"},"canonical":"https:\/\/www.camping-marmottes.fr\/mentions-legales\/","og_locale":"en_US","og_type":"article","og_title":"Mentions l\u00e9gales - Camping des Marmottes","og_url":"https:\/\/www.camping-marmottes.fr\/mentions-legales\/","og_site_name":"Camping des Marmottes","article_modified_time":"2021-03-25T09:33:33+00:00","twitter_card":"summary_large_image","twitter_misc":{"Est. reading time":"2 minutes"},"schema":{"@context":"https:\/\/schema.org","@graph":[{"@type":"WebPage","@id":"https:\/\/www.camping-marmottes.fr\/mentions-legales\/","url":"https:\/\/www.camping-marmottes.fr\/mentions-legales\/","name":"Mentions l\u00e9gales - Camping des Marmottes","isPartOf":{"@id":"https:\/\/www.camping-marmottes.fr\/#website"},"datePublished":"2019-02-18T14:24:24+00:00","dateModified":"2021-03-25T09:33:33+00:00","breadcrumb":{"@id":"https:\/\/www.camping-marmottes.fr\/mentions-legales\/#breadcrumb"},"inLanguage":"en-US","potentialAction":[{"@type":"ReadAction","target":["https:\/\/www.camping-marmottes.fr\/mentions-legales\/"]}]},{"@type":"BreadcrumbList","@id":"https:\/\/www.camping-marmottes.fr\/mentions-legales\/#breadcrumb","itemListElement":[{"@type":"ListItem","position":1,"name":"Accueil","item":"https:\/\/www.camping-marmottes.fr\/"},{"@type":"ListItem","position":2,"name":"Mentions l\u00e9gales"}]},{"@type":"WebSite","@id":"https:\/\/www.camping-marmottes.fr\/#website","url":"https:\/\/www.camping-marmottes.fr\/","name":"Camping des Marmottes","description":"et grand dans nos coeurs pour la montagne.","publisher":{"@id":"https:\/\/www.camping-marmottes.fr\/#organization"},"potentialAction":[{"@type":"SearchAction","target":{"@type":"EntryPoint","urlTemplate":"https:\/\/www.camping-marmottes.fr\/?s={search_term_string}"},"query-input":{"@type":"PropertyValueSpecification","valueRequired":true,"valueName":"search_term_string"}}],"inLanguage":"en-US"},{"@type":"Organization","@id":"https:\/\/www.camping-marmottes.fr\/#organization","name":"Camping des Marmottes","url":"https:\/\/www.camping-marmottes.fr\/","logo":{"@type":"ImageObject","inLanguage":"en-US","@id":"https:\/\/www.camping-marmottes.fr\/#\/schema\/logo\/image\/","url":"https:\/\/www.camping-marmottes.fr\/wp-content\/uploads\/2024\/05\/cropped-logo-camping-marmottes-tel-06.png","contentUrl":"https:\/\/www.camping-marmottes.fr\/wp-content\/uploads\/2024\/05\/cropped-logo-camping-marmottes-tel-06.png","width":1168,"height":250,"caption":"Camping des Marmottes"},"image":{"@id":"https:\/\/www.camping-marmottes.fr\/#\/schema\/logo\/image\/"}}]}},"_links":{"self":[{"href":"https:\/\/www.camping-marmottes.fr\/en\/wp-json\/wp\/v2\/pages\/753","targetHints":{"allow":["GET"]}}],"collection":[{"href":"https:\/\/www.camping-marmottes.fr\/en\/wp-json\/wp\/v2\/pages"}],"about":[{"href":"https:\/\/www.camping-marmottes.fr\/en\/wp-json\/wp\/v2\/types\/page"}],"author":[{"embeddable":true,"href":"https:\/\/www.camping-marmottes.fr\/en\/wp-json\/wp\/v2\/users\/1"}],"replies":[{"embeddable":true,"href":"https:\/\/www.camping-marmottes.fr\/en\/wp-json\/wp\/v2\/comments?post=753"}],"version-history":[{"count":4,"href":"https:\/\/www.camping-marmottes.fr\/en\/wp-json\/wp\/v2\/pages\/753\/revisions"}],"predecessor-version":[{"id":5893,"href":"https:\/\/www.camping-marmottes.fr\/en\/wp-json\/wp\/v2\/pages\/753\/revisions\/5893"}],"wp:attachment":[{"href":"https:\/\/www.camping-marmottes.fr\/en\/wp-json\/wp\/v2\/media?parent=753"}],"curies":[{"name":"wp","href":"https:\/\/api.w.org\/{rel}","templated":true}]}}